{"id":10623,"date":"2026-03-03T13:26:24","date_gmt":"2026-03-03T13:26:24","guid":{"rendered":"https:\/\/adnanbostan.com\/?post_type=product&#038;p=10623"},"modified":"2026-03-13T08:20:39","modified_gmt":"2026-03-13T08:20:39","slug":"theo","status":"publish","type":"product","link":"https:\/\/adnanbostan.com\/en\/urun\/theo\/","title":{"rendered":"THEO"},"content":{"rendered":"<p>YM.0102.0637.01<\/p>\n","protected":false},"excerpt":{"rendered":"<p><em>Baz\u0131 tasar\u0131mlar sadece alan\u0131 doldurur, THEO ise o alan\u0131n ruhunu ba\u015ftan yazar. Onun asil kavisleri ve zamans\u0131z formu, ilk bak\u0131\u015fta hayranl\u0131k uyand\u0131rsa da as\u0131l hik\u00e2ye temasla ba\u015flar.<\/em><\/p>\n<p data-path-to-node=\"5\"><em>Parmak u\u00e7lar\u0131n\u0131z se\u00e7kin kuma\u015f\u0131n o dolgun ve tok dokusunda gezindi\u011finde, sadece kalitenin a\u011f\u0131rl\u0131\u011f\u0131n\u0131 de\u011fil, titizlikle i\u015flenmi\u015f bir sanat\u0131n huzurunu hissedersiniz. Teninizde b\u0131rakt\u0131\u011f\u0131 o ipeksi ama g\u00fcven veren haz, g\u00f6vdesindeki alt\u0131n varakl\u0131 detaylar\u0131n zarafetiyle kusursuz bir denge kurar. THEO, g\u00f6steri\u015fin g\u00fcr\u00fclt\u00fcs\u00fcnden uzak, sessiz bir g\u00fcc\u00fcn temsilcisidir. Oturdu\u011funuzda sizi saran o konfor, nesiller boyu eskimeyecek bir aile yadigar\u0131na dokunuyor olman\u0131n ayr\u0131cal\u0131\u011f\u0131d\u0131r.<\/em><\/p>\n<p>&nbsp;<\/p>\n","protected":false},"featured_media":10638,"comment_status":"closed","ping_status":"closed","template":"","meta":{"site-sidebar-layout":"default","site-content-layout":"","ast-site-content-layout":"default","site-content-style":"default","site-sidebar-style":"default","ast-global-header-display":"","ast-banner-title-visibility":"","ast-main-header-display":"","ast-hfb-above-header-display":"","ast-hfb-below-header-display":"","ast-hfb-mobile-header-display":"","site-post-title":"","ast-breadcrumbs-content":"","ast-featured-img":"","footer-sml-layout":"","ast-disable-related-posts":"","theme-transparent-header-meta":"default","adv-header-id-meta":"","stick-header-meta":"","header-above-stick-meta":"","header-main-stick-meta":"","header-below-stick-meta":"","astra-migrate-meta-layouts":"set","ast-page-background-enabled":"default","ast-page-background-meta":{"desktop":{"background-color":"var(--ast-global-color-4)","background-image":"","background-repeat":"repeat","background-position":"center center","background-size":"auto","background-attachment":"scroll","background-type":"","background-media":"","overlay-type":"","overlay-color":"","overlay-opacity":"","overlay-gradient":""},"tablet":{"background-color":"","background-image":"","background-repeat":"repeat","background-position":"center center","background-size":"auto","background-attachment":"scroll","background-type":"","background-media":"","overlay-type":"","overlay-color":"","overlay-opacity":"","overlay-gradient":""},"mobile":{"background-color":"","background-image":"","background-repeat":"repeat","background-position":"center center","background-size":"auto","background-attachment":"scroll","background-type":"","background-media":"","overlay-type":"","overlay-color":"","overlay-opacity":"","overlay-gradient":""}},"ast-content-background-meta":{"desktop":{"background-color":"var(--ast-global-color-5)","background-image":"","background-repeat":"repeat","background-position":"center center","background-size":"auto","background-attachment":"scroll","background-type":"","background-media":"","overlay-type":"","overlay-color":"","overlay-opacity":"","overlay-gradient":""},"tablet":{"background-color":"var(--ast-global-color-5)","background-image":"","background-repeat":"repeat","background-position":"center center","background-size":"auto","background-attachment":"scroll","background-type":"","background-media":"","overlay-type":"","overlay-color":"","overlay-opacity":"","overlay-gradient":""},"mobile":{"background-color":"var(--ast-global-color-5)","background-image":"","background-repeat":"repeat","background-position":"center center","background-size":"auto","background-attachment":"scroll","background-type":"","background-media":"","overlay-type":"","overlay-color":"","overlay-opacity":"","overlay-gradient":""}}},"product_brand":[],"product_cat":[31,19],"product_tag":[],"class_list":{"0":"post-10623","1":"product","2":"type-product","3":"status-publish","4":"has-post-thumbnail","6":"product_cat-kanepe","7":"product_cat-oturma-odasi","8":"desktop-align-center","9":"tablet-align-left","10":"mobile-align-left","11":"ast-product-gallery-layout-vertical-slider","12":"ast-product-tabs-layout-distributed","13":"ast-qv-on-image","15":"first","16":"instock","17":"shipping-taxable","18":"product-type-simple"},"_links":{"self":[{"href":"https:\/\/adnanbostan.com\/en\/wp-json\/wp\/v2\/product\/10623","targetHints":{"allow":["GET"]}}],"collection":[{"href":"https:\/\/adnanbostan.com\/en\/wp-json\/wp\/v2\/product"}],"about":[{"href":"https:\/\/adnanbostan.com\/en\/wp-json\/wp\/v2\/types\/product"}],"replies":[{"embeddable":true,"href":"https:\/\/adnanbostan.com\/en\/wp-json\/wp\/v2\/comments?post=10623"}],"version-history":[{"count":5,"href":"https:\/\/adnanbostan.com\/en\/wp-json\/wp\/v2\/product\/10623\/revisions"}],"predecessor-version":[{"id":11573,"href":"https:\/\/adnanbostan.com\/en\/wp-json\/wp\/v2\/product\/10623\/revisions\/11573"}],"wp:featuredmedia":[{"embeddable":true,"href":"https:\/\/adnanbostan.com\/en\/wp-json\/wp\/v2\/media\/10638"}],"wp:attachment":[{"href":"https:\/\/adnanbostan.com\/en\/wp-json\/wp\/v2\/media?parent=10623"}],"wp:term":[{"taxonomy":"product_brand","embeddable":true,"href":"https:\/\/adnanbostan.com\/en\/wp-json\/wp\/v2\/product_brand?post=10623"},{"taxonomy":"product_cat","embeddable":true,"href":"https:\/\/adnanbostan.com\/en\/wp-json\/wp\/v2\/product_cat?post=10623"},{"taxonomy":"product_tag","embeddable":true,"href":"https:\/\/adnanbostan.com\/en\/wp-json\/wp\/v2\/product_tag?post=10623"}],"curies":[{"name":"wp","href":"https:\/\/api.w.org\/{rel}","templated":true}]}}