{"id":3766,"date":"2024-07-09T05:56:18","date_gmt":"2024-07-09T05:56:18","guid":{"rendered":"https:\/\/adnanbostan.com\/?post_type=product&#038;p=3766"},"modified":"2026-03-05T11:18:19","modified_gmt":"2026-03-05T11:18:19","slug":"beetle","status":"publish","type":"product","link":"https:\/\/adnanbostan.com\/en\/urun\/beetle\/","title":{"rendered":"BEETLE"},"content":{"rendered":"","protected":false},"excerpt":{"rendered":"<p><i><span style=\"font-size: 10.0pt; font-family: Montserrat;\">BEETLE, klasik tasar\u0131m\u0131n keskin hatlar\u0131ndan ar\u0131narak daha yumu\u015fak ve davetkar bir forma kavu\u015fmu\u015f \u00f6zel bir modeldir. Tasar\u0131m\u0131ndaki zarif etek yap\u0131s\u0131 ve dolgun yast\u0131k detaylar\u0131, \u00fcr\u00fcn\u00fcn g\u00f6rsel b\u00fct\u00fcnl\u00fc\u011f\u00fcn\u00fc tamamlarken sundu\u011fu \u00fcst d\u00fczey konforun da alt\u0131n\u0131 \u00e7izer.<\/span><\/i><\/p>\n<p data-path-to-node=\"1\"><i><span style=\"font-size: 10.0pt; font-family: Montserrat;\">G\u00f6z\u00fc yormayan k\u0131vr\u0131mlar\u0131 ve sakin tonlardaki dokuma kuma\u015f\u0131, mek\u00e2n\u0131n enerjisini dinlendirmek i\u00e7in titizlikle se\u00e7ilmi\u015ftir. Kuma\u015f\u0131n sahip oldu\u011fu derinlikli desenler, temas an\u0131nda kaliteyi hissettiren tok bir dokuya sahiptir. BEETLE, estetik kayg\u0131lar\u0131n \u00f6tesinde sundu\u011fu s\u00fckunetle \u00f6ne \u00e7\u0131karak, g\u00fcn\u00fcn yorgunlu\u011funu geride b\u0131rakmak isteyenler i\u00e7in dingin bir huzur alan\u0131 yarat\u0131r. Adnan Bostan imzas\u0131n\u0131 ta\u015f\u0131yan bu par\u00e7a, g\u00f6steri\u015fin g\u00fcr\u00fclt\u00fcs\u00fcnden uzakla\u015farak ger\u00e7ek konforu evinizin merkezine ta\u015f\u0131r.<\/span><\/i><\/p>\n","protected":false},"featured_media":10671,"comment_status":"closed","ping_status":"closed","template":"","meta":{"site-sidebar-layout":"default","site-content-layout":"","ast-site-content-layout":"default","site-content-style":"default","site-sidebar-style":"default","ast-global-header-display":"","ast-banner-title-visibility":"","ast-main-header-display":"","ast-hfb-above-header-display":"","ast-hfb-below-header-display":"","ast-hfb-mobile-header-display":"","site-post-title":"","ast-breadcrumbs-content":"","ast-featured-img":"","footer-sml-layout":"","ast-disable-related-posts":"","theme-transparent-header-meta":"default","adv-header-id-meta":"","stick-header-meta":"","header-above-stick-meta":"","header-main-stick-meta":"","header-below-stick-meta":"","astra-migrate-meta-layouts":"set","ast-page-background-enabled":"default","ast-page-background-meta":{"desktop":{"background-color":"var(--ast-global-color-4)","background-image":"","background-repeat":"repeat","background-position":"center center","background-size":"auto","background-attachment":"scroll","background-type":"","background-media":"","overlay-type":"","overlay-color":"","overlay-opacity":"","overlay-gradient":""},"tablet":{"background-color":"","background-image":"","background-repeat":"repeat","background-position":"center center","background-size":"auto","background-attachment":"scroll","background-type":"","background-media":"","overlay-type":"","overlay-color":"","overlay-opacity":"","overlay-gradient":""},"mobile":{"background-color":"","background-image":"","background-repeat":"repeat","background-position":"center center","background-size":"auto","background-attachment":"scroll","background-type":"","background-media":"","overlay-type":"","overlay-color":"","overlay-opacity":"","overlay-gradient":""}},"ast-content-background-meta":{"desktop":{"background-color":"var(--ast-global-color-5)","background-image":"","background-repeat":"repeat","background-position":"center center","background-size":"auto","background-attachment":"scroll","background-type":"","background-media":"","overlay-type":"","overlay-color":"","overlay-opacity":"","overlay-gradient":""},"tablet":{"background-color":"var(--ast-global-color-5)","background-image":"","background-repeat":"repeat","background-position":"center center","background-size":"auto","background-attachment":"scroll","background-type":"","background-media":"","overlay-type":"","overlay-color":"","overlay-opacity":"","overlay-gradient":""},"mobile":{"background-color":"var(--ast-global-color-5)","background-image":"","background-repeat":"repeat","background-position":"center center","background-size":"auto","background-attachment":"scroll","background-type":"","background-media":"","overlay-type":"","overlay-color":"","overlay-opacity":"","overlay-gradient":""}}},"product_brand":[],"product_cat":[31,19],"product_tag":[],"class_list":{"0":"post-3766","1":"product","2":"type-product","3":"status-publish","4":"has-post-thumbnail","6":"product_cat-kanepe","7":"product_cat-oturma-odasi","8":"desktop-align-center","9":"tablet-align-left","10":"mobile-align-left","11":"ast-product-gallery-layout-vertical-slider","12":"ast-product-tabs-layout-distributed","13":"ast-qv-on-image","15":"first","16":"instock","17":"shipping-taxable","18":"product-type-simple"},"_links":{"self":[{"href":"https:\/\/adnanbostan.com\/en\/wp-json\/wp\/v2\/product\/3766","targetHints":{"allow":["GET"]}}],"collection":[{"href":"https:\/\/adnanbostan.com\/en\/wp-json\/wp\/v2\/product"}],"about":[{"href":"https:\/\/adnanbostan.com\/en\/wp-json\/wp\/v2\/types\/product"}],"replies":[{"embeddable":true,"href":"https:\/\/adnanbostan.com\/en\/wp-json\/wp\/v2\/comments?post=3766"}],"version-history":[{"count":4,"href":"https:\/\/adnanbostan.com\/en\/wp-json\/wp\/v2\/product\/3766\/revisions"}],"predecessor-version":[{"id":10849,"href":"https:\/\/adnanbostan.com\/en\/wp-json\/wp\/v2\/product\/3766\/revisions\/10849"}],"wp:featuredmedia":[{"embeddable":true,"href":"https:\/\/adnanbostan.com\/en\/wp-json\/wp\/v2\/media\/10671"}],"wp:attachment":[{"href":"https:\/\/adnanbostan.com\/en\/wp-json\/wp\/v2\/media?parent=3766"}],"wp:term":[{"taxonomy":"product_brand","embeddable":true,"href":"https:\/\/adnanbostan.com\/en\/wp-json\/wp\/v2\/product_brand?post=3766"},{"taxonomy":"product_cat","embeddable":true,"href":"https:\/\/adnanbostan.com\/en\/wp-json\/wp\/v2\/product_cat?post=3766"},{"taxonomy":"product_tag","embeddable":true,"href":"https:\/\/adnanbostan.com\/en\/wp-json\/wp\/v2\/product_tag?post=3766"}],"curies":[{"name":"wp","href":"https:\/\/api.w.org\/{rel}","templated":true}]}}