{"id":3768,"date":"2024-07-09T05:57:27","date_gmt":"2024-07-09T05:57:27","guid":{"rendered":"https:\/\/adnanbostan.com\/?post_type=product&#038;p=3768"},"modified":"2026-03-06T11:22:55","modified_gmt":"2026-03-06T11:22:55","slug":"cliff","status":"publish","type":"product","link":"https:\/\/adnanbostan.com\/en\/urun\/cliff\/","title":{"rendered":"CLIFF"},"content":{"rendered":"<p>0102.0455.00<\/p>\n","protected":false},"excerpt":{"rendered":"<p><em>Cliff, g\u00fc\u00e7l\u00fc formu ve geni\u015f oturum yap\u0131s\u0131yla konfor odakl\u0131 bir lounge karakter sunmaktad\u0131r.<br data-start=\"1440\" data-end=\"1443\" \/>Yere yak\u0131n tasar\u0131m dili ve kal\u0131n minder yap\u0131s\u0131, \u00fcr\u00fcne dengeli ve sa\u011flam bir duru\u015f kazand\u0131rmaktad\u0131r.<br data-start=\"1542\" data-end=\"1545\" \/>Alt b\u00f6l\u00fcmde yer alan sa\u00e7ak detaylar\u0131 ve zengin kuma\u015f dokusu, tasar\u0131ma klasik bir vurgu katarken Cliff bulundu\u011fu mek\u00e2nda rahat ve karakterli bir salon atmosferi olu\u015fturmaktad\u0131r.<\/em><\/p>\n","protected":false},"featured_media":3626,"comment_status":"closed","ping_status":"closed","template":"","meta":{"site-sidebar-layout":"default","site-content-layout":"","ast-site-content-layout":"default","site-content-style":"default","site-sidebar-style":"default","ast-global-header-display":"","ast-banner-title-visibility":"","ast-main-header-display":"","ast-hfb-above-header-display":"","ast-hfb-below-header-display":"","ast-hfb-mobile-header-display":"","site-post-title":"","ast-breadcrumbs-content":"","ast-featured-img":"","footer-sml-layout":"","ast-disable-related-posts":"","theme-transparent-header-meta":"default","adv-header-id-meta":"","stick-header-meta":"","header-above-stick-meta":"","header-main-stick-meta":"","header-below-stick-meta":"","astra-migrate-meta-layouts":"set","ast-page-background-enabled":"default","ast-page-background-meta":{"desktop":{"background-color":"var(--ast-global-color-4)","background-image":"","background-repeat":"repeat","background-position":"center center","background-size":"auto","background-attachment":"scroll","background-type":"","background-media":"","overlay-type":"","overlay-color":"","overlay-opacity":"","overlay-gradient":""},"tablet":{"background-color":"","background-image":"","background-repeat":"repeat","background-position":"center center","background-size":"auto","background-attachment":"scroll","background-type":"","background-media":"","overlay-type":"","overlay-color":"","overlay-opacity":"","overlay-gradient":""},"mobile":{"background-color":"","background-image":"","background-repeat":"repeat","background-position":"center center","background-size":"auto","background-attachment":"scroll","background-type":"","background-media":"","overlay-type":"","overlay-color":"","overlay-opacity":"","overlay-gradient":""}},"ast-content-background-meta":{"desktop":{"background-color":"var(--ast-global-color-5)","background-image":"","background-repeat":"repeat","background-position":"center center","background-size":"auto","background-attachment":"scroll","background-type":"","background-media":"","overlay-type":"","overlay-color":"","overlay-opacity":"","overlay-gradient":""},"tablet":{"background-color":"var(--ast-global-color-5)","background-image":"","background-repeat":"repeat","background-position":"center center","background-size":"auto","background-attachment":"scroll","background-type":"","background-media":"","overlay-type":"","overlay-color":"","overlay-opacity":"","overlay-gradient":""},"mobile":{"background-color":"var(--ast-global-color-5)","background-image":"","background-repeat":"repeat","background-position":"center center","background-size":"auto","background-attachment":"scroll","background-type":"","background-media":"","overlay-type":"","overlay-color":"","overlay-opacity":"","overlay-gradient":""}}},"product_brand":[],"product_cat":[31,19],"product_tag":[],"class_list":{"0":"post-3768","1":"product","2":"type-product","3":"status-publish","4":"has-post-thumbnail","6":"product_cat-kanepe","7":"product_cat-oturma-odasi","8":"desktop-align-center","9":"tablet-align-left","10":"mobile-align-left","11":"ast-product-gallery-layout-vertical-slider","12":"ast-product-tabs-layout-distributed","13":"ast-qv-on-image","15":"first","16":"instock","17":"shipping-taxable","18":"product-type-simple"},"_links":{"self":[{"href":"https:\/\/adnanbostan.com\/en\/wp-json\/wp\/v2\/product\/3768","targetHints":{"allow":["GET"]}}],"collection":[{"href":"https:\/\/adnanbostan.com\/en\/wp-json\/wp\/v2\/product"}],"about":[{"href":"https:\/\/adnanbostan.com\/en\/wp-json\/wp\/v2\/types\/product"}],"replies":[{"embeddable":true,"href":"https:\/\/adnanbostan.com\/en\/wp-json\/wp\/v2\/comments?post=3768"}],"version-history":[{"count":3,"href":"https:\/\/adnanbostan.com\/en\/wp-json\/wp\/v2\/product\/3768\/revisions"}],"predecessor-version":[{"id":11029,"href":"https:\/\/adnanbostan.com\/en\/wp-json\/wp\/v2\/product\/3768\/revisions\/11029"}],"wp:featuredmedia":[{"embeddable":true,"href":"https:\/\/adnanbostan.com\/en\/wp-json\/wp\/v2\/media\/3626"}],"wp:attachment":[{"href":"https:\/\/adnanbostan.com\/en\/wp-json\/wp\/v2\/media?parent=3768"}],"wp:term":[{"taxonomy":"product_brand","embeddable":true,"href":"https:\/\/adnanbostan.com\/en\/wp-json\/wp\/v2\/product_brand?post=3768"},{"taxonomy":"product_cat","embeddable":true,"href":"https:\/\/adnanbostan.com\/en\/wp-json\/wp\/v2\/product_cat?post=3768"},{"taxonomy":"product_tag","embeddable":true,"href":"https:\/\/adnanbostan.com\/en\/wp-json\/wp\/v2\/product_tag?post=3768"}],"curies":[{"name":"wp","href":"https:\/\/api.w.org\/{rel}","templated":true}]}}