{"id":3780,"date":"2024-07-09T06:17:15","date_gmt":"2024-07-09T06:17:15","guid":{"rendered":"https:\/\/adnanbostan.com\/?post_type=product&#038;p=3780"},"modified":"2026-03-06T06:49:40","modified_gmt":"2026-03-06T06:49:40","slug":"bella","status":"publish","type":"product","link":"https:\/\/adnanbostan.com\/en\/urun\/bella\/","title":{"rendered":"BELLA"},"content":{"rendered":"","protected":false},"excerpt":{"rendered":"<p><em>Bella, g\u00fcn\u00fcn en g\u00fczel saatlerini keyifle ge\u00e7irece\u011finiz, stres ve yorgunlu\u011fu konforuyla \u00fczerinizden ataca\u011f\u0131n\u0131z \u00f6zel bir dinlenme alan\u0131 sunuyor.<\/em><\/p>\n<p><em>\u00a0Zarif hatlar\u0131 ve naif duru\u015fuyla sadece bir mobilya olman\u0131n \u00f6tesine ge\u00e7erek, g\u00f6z zevkinize hitap eden estetik bir b\u00fct\u00fcnl\u00fck sa\u011fl\u0131yor. Yumu\u015fak dokusuyla sizi sarmalayan bu tasar\u0131m, evinizde huzuru ve dinginli\u011fi hissetmek istedi\u011finiz her an en konforlu e\u015flik\u00e7iniz oluyor. Modern \u00e7izgileri ve kullan\u0131m keyfini \u00f6n plana \u00e7\u0131karan yap\u0131s\u0131 sayesinde ya\u015fam alan\u0131n\u0131za hem zarafet hem de zamans\u0131z bir rahatl\u0131k kat\u0131yor.<\/em><\/p>\n","protected":false},"featured_media":3781,"comment_status":"closed","ping_status":"closed","template":"","meta":{"site-sidebar-layout":"default","site-content-layout":"","ast-site-content-layout":"default","site-content-style":"default","site-sidebar-style":"default","ast-global-header-display":"","ast-banner-title-visibility":"","ast-main-header-display":"","ast-hfb-above-header-display":"","ast-hfb-below-header-display":"","ast-hfb-mobile-header-display":"","site-post-title":"","ast-breadcrumbs-content":"","ast-featured-img":"","footer-sml-layout":"","ast-disable-related-posts":"","theme-transparent-header-meta":"default","adv-header-id-meta":"","stick-header-meta":"","header-above-stick-meta":"","header-main-stick-meta":"","header-below-stick-meta":"","astra-migrate-meta-layouts":"set","ast-page-background-enabled":"default","ast-page-background-meta":{"desktop":{"background-color":"var(--ast-global-color-4)","background-image":"","background-repeat":"repeat","background-position":"center center","background-size":"auto","background-attachment":"scroll","background-type":"","background-media":"","overlay-type":"","overlay-color":"","overlay-opacity":"","overlay-gradient":""},"tablet":{"background-color":"","background-image":"","background-repeat":"repeat","background-position":"center center","background-size":"auto","background-attachment":"scroll","background-type":"","background-media":"","overlay-type":"","overlay-color":"","overlay-opacity":"","overlay-gradient":""},"mobile":{"background-color":"","background-image":"","background-repeat":"repeat","background-position":"center center","background-size":"auto","background-attachment":"scroll","background-type":"","background-media":"","overlay-type":"","overlay-color":"","overlay-opacity":"","overlay-gradient":""}},"ast-content-background-meta":{"desktop":{"background-color":"var(--ast-global-color-5)","background-image":"","background-repeat":"repeat","background-position":"center center","background-size":"auto","background-attachment":"scroll","background-type":"","background-media":"","overlay-type":"","overlay-color":"","overlay-opacity":"","overlay-gradient":""},"tablet":{"background-color":"var(--ast-global-color-5)","background-image":"","background-repeat":"repeat","background-position":"center center","background-size":"auto","background-attachment":"scroll","background-type":"","background-media":"","overlay-type":"","overlay-color":"","overlay-opacity":"","overlay-gradient":""},"mobile":{"background-color":"var(--ast-global-color-5)","background-image":"","background-repeat":"repeat","background-position":"center center","background-size":"auto","background-attachment":"scroll","background-type":"","background-media":"","overlay-type":"","overlay-color":"","overlay-opacity":"","overlay-gradient":""}}},"product_brand":[],"product_cat":[31,19],"product_tag":[],"class_list":{"0":"post-3780","1":"product","2":"type-product","3":"status-publish","4":"has-post-thumbnail","6":"product_cat-kanepe","7":"product_cat-oturma-odasi","8":"desktop-align-center","9":"tablet-align-left","10":"mobile-align-left","11":"ast-product-gallery-layout-vertical-slider","12":"ast-product-tabs-layout-distributed","13":"ast-qv-on-image","15":"first","16":"instock","17":"shipping-taxable","18":"product-type-simple"},"_links":{"self":[{"href":"https:\/\/adnanbostan.com\/en\/wp-json\/wp\/v2\/product\/3780","targetHints":{"allow":["GET"]}}],"collection":[{"href":"https:\/\/adnanbostan.com\/en\/wp-json\/wp\/v2\/product"}],"about":[{"href":"https:\/\/adnanbostan.com\/en\/wp-json\/wp\/v2\/types\/product"}],"replies":[{"embeddable":true,"href":"https:\/\/adnanbostan.com\/en\/wp-json\/wp\/v2\/comments?post=3780"}],"version-history":[{"count":6,"href":"https:\/\/adnanbostan.com\/en\/wp-json\/wp\/v2\/product\/3780\/revisions"}],"predecessor-version":[{"id":11016,"href":"https:\/\/adnanbostan.com\/en\/wp-json\/wp\/v2\/product\/3780\/revisions\/11016"}],"wp:featuredmedia":[{"embeddable":true,"href":"https:\/\/adnanbostan.com\/en\/wp-json\/wp\/v2\/media\/3781"}],"wp:attachment":[{"href":"https:\/\/adnanbostan.com\/en\/wp-json\/wp\/v2\/media?parent=3780"}],"wp:term":[{"taxonomy":"product_brand","embeddable":true,"href":"https:\/\/adnanbostan.com\/en\/wp-json\/wp\/v2\/product_brand?post=3780"},{"taxonomy":"product_cat","embeddable":true,"href":"https:\/\/adnanbostan.com\/en\/wp-json\/wp\/v2\/product_cat?post=3780"},{"taxonomy":"product_tag","embeddable":true,"href":"https:\/\/adnanbostan.com\/en\/wp-json\/wp\/v2\/product_tag?post=3780"}],"curies":[{"name":"wp","href":"https:\/\/api.w.org\/{rel}","templated":true}]}}