{"id":3792,"date":"2024-07-09T06:43:04","date_gmt":"2024-07-09T06:43:04","guid":{"rendered":"https:\/\/adnanbostan.com\/?post_type=product&#038;p=3792"},"modified":"2026-03-06T06:52:50","modified_gmt":"2026-03-06T06:52:50","slug":"calista","status":"publish","type":"product","link":"https:\/\/adnanbostan.com\/en\/urun\/calista\/","title":{"rendered":"CAL\u0130STA"},"content":{"rendered":"<p>0102.1034.00<\/p>\n","protected":false},"excerpt":{"rendered":"<p><em>Calista. \u0130sminden ald\u0131\u011f\u0131 o iddial\u0131 miras\u0131, ya\u015fam alan\u0131n\u0131z\u0131n ruhuna incelikli bir imza gibi i\u015fliyor.<\/em><\/p>\n<p><em>\u00a0O, yaln\u0131zca bir dinlenme alan\u0131 de\u011fil; klasik saray formlar\u0131n\u0131n \u00e7ok \u00fczerinde, modern bir duru\u015fla kurallar\u0131 yeniden yazan marjinal bir tasar\u0131m objesi. G\u00f6steri\u015fli oymalar\u0131ndan kuma\u015f\u0131ndaki se\u00e7kin dokuya kadar her ayr\u0131nt\u0131, Calista\u2019n\u0131n usta el i\u015f\u00e7ili\u011fini ve s\u0131radanl\u0131\u011fa ba\u015fkald\u0131ran \u00f6zg\u00fcn ruhunu d\u0131\u015far\u0131ya yans\u0131t\u0131yor.<\/em><\/p>\n<p>&nbsp;<\/p>\n","protected":false},"featured_media":3793,"comment_status":"closed","ping_status":"closed","template":"","meta":{"site-sidebar-layout":"default","site-content-layout":"","ast-site-content-layout":"default","site-content-style":"default","site-sidebar-style":"default","ast-global-header-display":"","ast-banner-title-visibility":"","ast-main-header-display":"","ast-hfb-above-header-display":"","ast-hfb-below-header-display":"","ast-hfb-mobile-header-display":"","site-post-title":"","ast-breadcrumbs-content":"","ast-featured-img":"","footer-sml-layout":"","ast-disable-related-posts":"","theme-transparent-header-meta":"default","adv-header-id-meta":"","stick-header-meta":"","header-above-stick-meta":"","header-main-stick-meta":"","header-below-stick-meta":"","astra-migrate-meta-layouts":"set","ast-page-background-enabled":"default","ast-page-background-meta":{"desktop":{"background-color":"var(--ast-global-color-4)","background-image":"","background-repeat":"repeat","background-position":"center center","background-size":"auto","background-attachment":"scroll","background-type":"","background-media":"","overlay-type":"","overlay-color":"","overlay-opacity":"","overlay-gradient":""},"tablet":{"background-color":"","background-image":"","background-repeat":"repeat","background-position":"center center","background-size":"auto","background-attachment":"scroll","background-type":"","background-media":"","overlay-type":"","overlay-color":"","overlay-opacity":"","overlay-gradient":""},"mobile":{"background-color":"","background-image":"","background-repeat":"repeat","background-position":"center center","background-size":"auto","background-attachment":"scroll","background-type":"","background-media":"","overlay-type":"","overlay-color":"","overlay-opacity":"","overlay-gradient":""}},"ast-content-background-meta":{"desktop":{"background-color":"var(--ast-global-color-5)","background-image":"","background-repeat":"repeat","background-position":"center center","background-size":"auto","background-attachment":"scroll","background-type":"","background-media":"","overlay-type":"","overlay-color":"","overlay-opacity":"","overlay-gradient":""},"tablet":{"background-color":"var(--ast-global-color-5)","background-image":"","background-repeat":"repeat","background-position":"center center","background-size":"auto","background-attachment":"scroll","background-type":"","background-media":"","overlay-type":"","overlay-color":"","overlay-opacity":"","overlay-gradient":""},"mobile":{"background-color":"var(--ast-global-color-5)","background-image":"","background-repeat":"repeat","background-position":"center center","background-size":"auto","background-attachment":"scroll","background-type":"","background-media":"","overlay-type":"","overlay-color":"","overlay-opacity":"","overlay-gradient":""}}},"product_brand":[],"product_cat":[31,19],"product_tag":[],"class_list":{"0":"post-3792","1":"product","2":"type-product","3":"status-publish","4":"has-post-thumbnail","6":"product_cat-kanepe","7":"product_cat-oturma-odasi","8":"desktop-align-center","9":"tablet-align-left","10":"mobile-align-left","11":"ast-product-gallery-layout-vertical-slider","12":"ast-product-tabs-layout-distributed","13":"ast-qv-on-image","15":"first","16":"instock","17":"shipping-taxable","18":"product-type-simple"},"_links":{"self":[{"href":"https:\/\/adnanbostan.com\/en\/wp-json\/wp\/v2\/product\/3792","targetHints":{"allow":["GET"]}}],"collection":[{"href":"https:\/\/adnanbostan.com\/en\/wp-json\/wp\/v2\/product"}],"about":[{"href":"https:\/\/adnanbostan.com\/en\/wp-json\/wp\/v2\/types\/product"}],"replies":[{"embeddable":true,"href":"https:\/\/adnanbostan.com\/en\/wp-json\/wp\/v2\/comments?post=3792"}],"version-history":[{"count":4,"href":"https:\/\/adnanbostan.com\/en\/wp-json\/wp\/v2\/product\/3792\/revisions"}],"predecessor-version":[{"id":11017,"href":"https:\/\/adnanbostan.com\/en\/wp-json\/wp\/v2\/product\/3792\/revisions\/11017"}],"wp:featuredmedia":[{"embeddable":true,"href":"https:\/\/adnanbostan.com\/en\/wp-json\/wp\/v2\/media\/3793"}],"wp:attachment":[{"href":"https:\/\/adnanbostan.com\/en\/wp-json\/wp\/v2\/media?parent=3792"}],"wp:term":[{"taxonomy":"product_brand","embeddable":true,"href":"https:\/\/adnanbostan.com\/en\/wp-json\/wp\/v2\/product_brand?post=3792"},{"taxonomy":"product_cat","embeddable":true,"href":"https:\/\/adnanbostan.com\/en\/wp-json\/wp\/v2\/product_cat?post=3792"},{"taxonomy":"product_tag","embeddable":true,"href":"https:\/\/adnanbostan.com\/en\/wp-json\/wp\/v2\/product_tag?post=3792"}],"curies":[{"name":"wp","href":"https:\/\/api.w.org\/{rel}","templated":true}]}}