{"id":3814,"date":"2024-07-09T06:59:42","date_gmt":"2024-07-09T06:59:42","guid":{"rendered":"https:\/\/adnanbostan.com\/?post_type=product&#038;p=3814"},"modified":"2026-03-06T12:05:28","modified_gmt":"2026-03-06T12:05:28","slug":"dantelli","status":"publish","type":"product","link":"https:\/\/adnanbostan.com\/en\/urun\/dantelli\/","title":{"rendered":"DANTELL\u0130"},"content":{"rendered":"<p>0102.7293.03<\/p>\n<div><\/div>\n<div>\n<p>&nbsp;<\/p>\n<\/div>\n","protected":false},"excerpt":{"rendered":"<div>\n<p><em>Klasik esteti\u011fin zarif bir yorumu olan Dantelli, oyma detaylar\u0131n inceli\u011fi ile g\u00fc\u00e7l\u00fc bir silueti bir araya getirir.<\/em><br \/>\n<em>Alt\u0131n varakl\u0131 ah\u015fap iskelet, zengin dokulu kuma\u015flarla dengelenerek sofistike bir g\u00f6r\u00fcn\u00fcm olu\u015fturur.<\/em><\/p>\n<\/div>\n<div>\n<p><em>Ak\u0131c\u0131 hatlara sahip s\u0131rt formu ve dengeli oranlar\u0131, tasar\u0131ma hem ihti\u015fam hem de zarafet kazand\u0131r\u0131r.<\/em><br \/>\n<em>Dantelli, geni\u015f salonlarda ve klasik mimariyle uyumlu ya\u015fam alanlar\u0131nda zamans\u0131z bir atmosfer yaratmak i\u00e7in tasarlanm\u0131\u015ft\u0131<\/em><\/p>\n<\/div>\n","protected":false},"featured_media":3815,"comment_status":"closed","ping_status":"closed","template":"","meta":{"site-sidebar-layout":"default","site-content-layout":"","ast-site-content-layout":"default","site-content-style":"default","site-sidebar-style":"default","ast-global-header-display":"","ast-banner-title-visibility":"","ast-main-header-display":"","ast-hfb-above-header-display":"","ast-hfb-below-header-display":"","ast-hfb-mobile-header-display":"","site-post-title":"","ast-breadcrumbs-content":"","ast-featured-img":"","footer-sml-layout":"","ast-disable-related-posts":"","theme-transparent-header-meta":"default","adv-header-id-meta":"","stick-header-meta":"","header-above-stick-meta":"","header-main-stick-meta":"","header-below-stick-meta":"","astra-migrate-meta-layouts":"set","ast-page-background-enabled":"default","ast-page-background-meta":{"desktop":{"background-color":"var(--ast-global-color-4)","background-image":"","background-repeat":"repeat","background-position":"center center","background-size":"auto","background-attachment":"scroll","background-type":"","background-media":"","overlay-type":"","overlay-color":"","overlay-opacity":"","overlay-gradient":""},"tablet":{"background-color":"","background-image":"","background-repeat":"repeat","background-position":"center center","background-size":"auto","background-attachment":"scroll","background-type":"","background-media":"","overlay-type":"","overlay-color":"","overlay-opacity":"","overlay-gradient":""},"mobile":{"background-color":"","background-image":"","background-repeat":"repeat","background-position":"center center","background-size":"auto","background-attachment":"scroll","background-type":"","background-media":"","overlay-type":"","overlay-color":"","overlay-opacity":"","overlay-gradient":""}},"ast-content-background-meta":{"desktop":{"background-color":"var(--ast-global-color-5)","background-image":"","background-repeat":"repeat","background-position":"center center","background-size":"auto","background-attachment":"scroll","background-type":"","background-media":"","overlay-type":"","overlay-color":"","overlay-opacity":"","overlay-gradient":""},"tablet":{"background-color":"var(--ast-global-color-5)","background-image":"","background-repeat":"repeat","background-position":"center center","background-size":"auto","background-attachment":"scroll","background-type":"","background-media":"","overlay-type":"","overlay-color":"","overlay-opacity":"","overlay-gradient":""},"mobile":{"background-color":"var(--ast-global-color-5)","background-image":"","background-repeat":"repeat","background-position":"center center","background-size":"auto","background-attachment":"scroll","background-type":"","background-media":"","overlay-type":"","overlay-color":"","overlay-opacity":"","overlay-gradient":""}}},"product_brand":[],"product_cat":[31,19],"product_tag":[],"class_list":{"0":"post-3814","1":"product","2":"type-product","3":"status-publish","4":"has-post-thumbnail","6":"product_cat-kanepe","7":"product_cat-oturma-odasi","8":"desktop-align-center","9":"tablet-align-left","10":"mobile-align-left","11":"ast-product-gallery-layout-vertical-slider","12":"ast-product-tabs-layout-distributed","13":"ast-qv-on-image","15":"first","16":"instock","17":"shipping-taxable","18":"product-type-simple"},"_links":{"self":[{"href":"https:\/\/adnanbostan.com\/en\/wp-json\/wp\/v2\/product\/3814","targetHints":{"allow":["GET"]}}],"collection":[{"href":"https:\/\/adnanbostan.com\/en\/wp-json\/wp\/v2\/product"}],"about":[{"href":"https:\/\/adnanbostan.com\/en\/wp-json\/wp\/v2\/types\/product"}],"replies":[{"embeddable":true,"href":"https:\/\/adnanbostan.com\/en\/wp-json\/wp\/v2\/comments?post=3814"}],"version-history":[{"count":4,"href":"https:\/\/adnanbostan.com\/en\/wp-json\/wp\/v2\/product\/3814\/revisions"}],"predecessor-version":[{"id":11035,"href":"https:\/\/adnanbostan.com\/en\/wp-json\/wp\/v2\/product\/3814\/revisions\/11035"}],"wp:featuredmedia":[{"embeddable":true,"href":"https:\/\/adnanbostan.com\/en\/wp-json\/wp\/v2\/media\/3815"}],"wp:attachment":[{"href":"https:\/\/adnanbostan.com\/en\/wp-json\/wp\/v2\/media?parent=3814"}],"wp:term":[{"taxonomy":"product_brand","embeddable":true,"href":"https:\/\/adnanbostan.com\/en\/wp-json\/wp\/v2\/product_brand?post=3814"},{"taxonomy":"product_cat","embeddable":true,"href":"https:\/\/adnanbostan.com\/en\/wp-json\/wp\/v2\/product_cat?post=3814"},{"taxonomy":"product_tag","embeddable":true,"href":"https:\/\/adnanbostan.com\/en\/wp-json\/wp\/v2\/product_tag?post=3814"}],"curies":[{"name":"wp","href":"https:\/\/api.w.org\/{rel}","templated":true}]}}