{"id":3865,"date":"2024-07-09T07:27:01","date_gmt":"2024-07-09T07:27:01","guid":{"rendered":"https:\/\/adnanbostan.com\/?post_type=product&#038;p=3865"},"modified":"2026-03-06T06:56:45","modified_gmt":"2026-03-06T06:56:45","slug":"cbk","status":"publish","type":"product","link":"https:\/\/adnanbostan.com\/en\/urun\/cbk\/","title":{"rendered":"CBK"},"content":{"rendered":"","protected":false},"excerpt":{"rendered":"<p class=\"isselectedend\"><i><span style=\"font-size: 10.0pt; font-family: Montserrat;\">Klasik tasar\u0131m\u0131n zarafetini ta\u015f\u0131yan <span style=\"font-family: Montserrat;\">CBK Koltuk<\/span><b>,<\/b> ince i\u015f\u00e7ilikli ah\u015fap detaylar\u0131 ve estetik hatlar\u0131yla mek\u00e2nlara g\u00fc\u00e7l\u00fc bir stil kazand\u0131r\u0131r. \u00d6zenle tasarlanm\u0131\u015f formu, klasik mobilya anlay\u0131\u015f\u0131n\u0131n ihti\u015fam\u0131n\u0131 modern ya\u015fam alanlar\u0131na uyumlu bir \u015fekilde ta\u015f\u0131r.<\/span><\/i><\/p>\n<p><i><span style=\"font-size: 10.0pt; font-family: Montserrat;\">Zarif kuma\u015f dokusu ve dengeli oranlar\u0131yla dikkat \u00e7eken CBK, bulundu\u011fu ortamda yaln\u0131zca bir oturma alan\u0131 de\u011fil; ayn\u0131 zamanda karakterli bir dekorasyon unsurudur. Klasik stilin asil duru\u015funu yans\u0131tan bu \u00f6zel tasar\u0131m, ya\u015fam alanlar\u0131na \u015f\u0131kl\u0131k ve prestij katmak i\u00e7in tasarlanm\u0131\u015ft\u0131r.<\/span><\/i><\/p>\n","protected":false},"featured_media":3866,"comment_status":"closed","ping_status":"closed","template":"","meta":{"site-sidebar-layout":"default","site-content-layout":"","ast-site-content-layout":"default","site-content-style":"default","site-sidebar-style":"default","ast-global-header-display":"","ast-banner-title-visibility":"","ast-main-header-display":"","ast-hfb-above-header-display":"","ast-hfb-below-header-display":"","ast-hfb-mobile-header-display":"","site-post-title":"","ast-breadcrumbs-content":"","ast-featured-img":"","footer-sml-layout":"","ast-disable-related-posts":"","theme-transparent-header-meta":"default","adv-header-id-meta":"","stick-header-meta":"","header-above-stick-meta":"","header-main-stick-meta":"","header-below-stick-meta":"","astra-migrate-meta-layouts":"set","ast-page-background-enabled":"default","ast-page-background-meta":{"desktop":{"background-color":"var(--ast-global-color-4)","background-image":"","background-repeat":"repeat","background-position":"center center","background-size":"auto","background-attachment":"scroll","background-type":"","background-media":"","overlay-type":"","overlay-color":"","overlay-opacity":"","overlay-gradient":""},"tablet":{"background-color":"","background-image":"","background-repeat":"repeat","background-position":"center center","background-size":"auto","background-attachment":"scroll","background-type":"","background-media":"","overlay-type":"","overlay-color":"","overlay-opacity":"","overlay-gradient":""},"mobile":{"background-color":"","background-image":"","background-repeat":"repeat","background-position":"center center","background-size":"auto","background-attachment":"scroll","background-type":"","background-media":"","overlay-type":"","overlay-color":"","overlay-opacity":"","overlay-gradient":""}},"ast-content-background-meta":{"desktop":{"background-color":"var(--ast-global-color-5)","background-image":"","background-repeat":"repeat","background-position":"center center","background-size":"auto","background-attachment":"scroll","background-type":"","background-media":"","overlay-type":"","overlay-color":"","overlay-opacity":"","overlay-gradient":""},"tablet":{"background-color":"var(--ast-global-color-5)","background-image":"","background-repeat":"repeat","background-position":"center center","background-size":"auto","background-attachment":"scroll","background-type":"","background-media":"","overlay-type":"","overlay-color":"","overlay-opacity":"","overlay-gradient":""},"mobile":{"background-color":"var(--ast-global-color-5)","background-image":"","background-repeat":"repeat","background-position":"center center","background-size":"auto","background-attachment":"scroll","background-type":"","background-media":"","overlay-type":"","overlay-color":"","overlay-opacity":"","overlay-gradient":""}}},"product_brand":[],"product_cat":[31,19],"product_tag":[],"class_list":{"0":"post-3865","1":"product","2":"type-product","3":"status-publish","4":"has-post-thumbnail","6":"product_cat-kanepe","7":"product_cat-oturma-odasi","8":"desktop-align-center","9":"tablet-align-left","10":"mobile-align-left","11":"ast-product-gallery-layout-vertical-slider","12":"ast-product-tabs-layout-distributed","13":"ast-qv-on-image","15":"first","16":"instock","17":"shipping-taxable","18":"product-type-simple"},"_links":{"self":[{"href":"https:\/\/adnanbostan.com\/en\/wp-json\/wp\/v2\/product\/3865","targetHints":{"allow":["GET"]}}],"collection":[{"href":"https:\/\/adnanbostan.com\/en\/wp-json\/wp\/v2\/product"}],"about":[{"href":"https:\/\/adnanbostan.com\/en\/wp-json\/wp\/v2\/types\/product"}],"replies":[{"embeddable":true,"href":"https:\/\/adnanbostan.com\/en\/wp-json\/wp\/v2\/comments?post=3865"}],"version-history":[{"count":5,"href":"https:\/\/adnanbostan.com\/en\/wp-json\/wp\/v2\/product\/3865\/revisions"}],"predecessor-version":[{"id":10711,"href":"https:\/\/adnanbostan.com\/en\/wp-json\/wp\/v2\/product\/3865\/revisions\/10711"}],"wp:featuredmedia":[{"embeddable":true,"href":"https:\/\/adnanbostan.com\/en\/wp-json\/wp\/v2\/media\/3866"}],"wp:attachment":[{"href":"https:\/\/adnanbostan.com\/en\/wp-json\/wp\/v2\/media?parent=3865"}],"wp:term":[{"taxonomy":"product_brand","embeddable":true,"href":"https:\/\/adnanbostan.com\/en\/wp-json\/wp\/v2\/product_brand?post=3865"},{"taxonomy":"product_cat","embeddable":true,"href":"https:\/\/adnanbostan.com\/en\/wp-json\/wp\/v2\/product_cat?post=3865"},{"taxonomy":"product_tag","embeddable":true,"href":"https:\/\/adnanbostan.com\/en\/wp-json\/wp\/v2\/product_tag?post=3865"}],"curies":[{"name":"wp","href":"https:\/\/api.w.org\/{rel}","templated":true}]}}