{"id":3889,"date":"2024-07-09T07:39:06","date_gmt":"2024-07-09T07:39:06","guid":{"rendered":"https:\/\/adnanbostan.com\/?post_type=product&#038;p=3889"},"modified":"2026-03-06T11:09:04","modified_gmt":"2026-03-06T11:09:04","slug":"cleosoft","status":"publish","type":"product","link":"https:\/\/adnanbostan.com\/en\/urun\/cleosoft\/","title":{"rendered":"CLEOSOFT"},"content":{"rendered":"<p>0102.0172.44<\/p>\n","protected":false},"excerpt":{"rendered":"<p><em>Cleosoft, modern \u00e7izgiler ile klasik mobilya anlay\u0131\u015f\u0131n\u0131 dengeli bir tasar\u0131m diliyle bulu\u015fturan \u00f6zg\u00fcn bir yorum sunmaktad\u0131r.<br \/>\n\u0130talyan ya\u015fam tarz\u0131ndan ilham alan formu sayesinde hem a\u00e7\u0131k hava konseptleri hem de modern ev ya\u015fam\u0131 ile uyumlu bir karakter ta\u015f\u0131maktad\u0131r.<br \/>\nYumu\u015fak d\u00f6\u015feme yap\u0131s\u0131 ve g\u00fc\u00e7l\u00fc geometrik hatlar\u0131, tasar\u0131ma sade ve dengeli bir duru\u015f kazand\u0131rmak ile birlikte metal detaylarla tamamlanan kol yap\u0131s\u0131 \u00fcr\u00fcne modern bir vurgu katmaktad\u0131r.<br \/>\nCleosoft, spor l\u00fcks anlay\u0131\u015f\u0131n\u0131 yans\u0131tan formu ve temiz tasar\u0131m diliyle koleksiyon i\u00e7erisinde basic luxury karakteri temsil eden se\u00e7kin bir model olarak \u00f6ne \u00e7\u0131kmaktad\u0131r.<\/em><\/p>\n<p><em>\u00a0<\/em><\/p>\n","protected":false},"featured_media":3890,"comment_status":"closed","ping_status":"closed","template":"","meta":{"site-sidebar-layout":"default","site-content-layout":"","ast-site-content-layout":"default","site-content-style":"default","site-sidebar-style":"default","ast-global-header-display":"","ast-banner-title-visibility":"","ast-main-header-display":"","ast-hfb-above-header-display":"","ast-hfb-below-header-display":"","ast-hfb-mobile-header-display":"","site-post-title":"","ast-breadcrumbs-content":"","ast-featured-img":"","footer-sml-layout":"","ast-disable-related-posts":"","theme-transparent-header-meta":"default","adv-header-id-meta":"","stick-header-meta":"","header-above-stick-meta":"","header-main-stick-meta":"","header-below-stick-meta":"","astra-migrate-meta-layouts":"set","ast-page-background-enabled":"default","ast-page-background-meta":{"desktop":{"background-color":"var(--ast-global-color-4)","background-image":"","background-repeat":"repeat","background-position":"center center","background-size":"auto","background-attachment":"scroll","background-type":"","background-media":"","overlay-type":"","overlay-color":"","overlay-opacity":"","overlay-gradient":""},"tablet":{"background-color":"","background-image":"","background-repeat":"repeat","background-position":"center center","background-size":"auto","background-attachment":"scroll","background-type":"","background-media":"","overlay-type":"","overlay-color":"","overlay-opacity":"","overlay-gradient":""},"mobile":{"background-color":"","background-image":"","background-repeat":"repeat","background-position":"center center","background-size":"auto","background-attachment":"scroll","background-type":"","background-media":"","overlay-type":"","overlay-color":"","overlay-opacity":"","overlay-gradient":""}},"ast-content-background-meta":{"desktop":{"background-color":"var(--ast-global-color-5)","background-image":"","background-repeat":"repeat","background-position":"center center","background-size":"auto","background-attachment":"scroll","background-type":"","background-media":"","overlay-type":"","overlay-color":"","overlay-opacity":"","overlay-gradient":""},"tablet":{"background-color":"var(--ast-global-color-5)","background-image":"","background-repeat":"repeat","background-position":"center center","background-size":"auto","background-attachment":"scroll","background-type":"","background-media":"","overlay-type":"","overlay-color":"","overlay-opacity":"","overlay-gradient":""},"mobile":{"background-color":"var(--ast-global-color-5)","background-image":"","background-repeat":"repeat","background-position":"center center","background-size":"auto","background-attachment":"scroll","background-type":"","background-media":"","overlay-type":"","overlay-color":"","overlay-opacity":"","overlay-gradient":""}}},"product_brand":[],"product_cat":[31,19],"product_tag":[],"class_list":{"0":"post-3889","1":"product","2":"type-product","3":"status-publish","4":"has-post-thumbnail","6":"product_cat-kanepe","7":"product_cat-oturma-odasi","8":"desktop-align-center","9":"tablet-align-left","10":"mobile-align-left","11":"ast-product-gallery-layout-vertical-slider","12":"ast-product-tabs-layout-distributed","13":"ast-qv-on-image","15":"first","16":"instock","17":"shipping-taxable","18":"product-type-simple"},"_links":{"self":[{"href":"https:\/\/adnanbostan.com\/en\/wp-json\/wp\/v2\/product\/3889","targetHints":{"allow":["GET"]}}],"collection":[{"href":"https:\/\/adnanbostan.com\/en\/wp-json\/wp\/v2\/product"}],"about":[{"href":"https:\/\/adnanbostan.com\/en\/wp-json\/wp\/v2\/types\/product"}],"replies":[{"embeddable":true,"href":"https:\/\/adnanbostan.com\/en\/wp-json\/wp\/v2\/comments?post=3889"}],"version-history":[{"count":3,"href":"https:\/\/adnanbostan.com\/en\/wp-json\/wp\/v2\/product\/3889\/revisions"}],"predecessor-version":[{"id":11027,"href":"https:\/\/adnanbostan.com\/en\/wp-json\/wp\/v2\/product\/3889\/revisions\/11027"}],"wp:featuredmedia":[{"embeddable":true,"href":"https:\/\/adnanbostan.com\/en\/wp-json\/wp\/v2\/media\/3890"}],"wp:attachment":[{"href":"https:\/\/adnanbostan.com\/en\/wp-json\/wp\/v2\/media?parent=3889"}],"wp:term":[{"taxonomy":"product_brand","embeddable":true,"href":"https:\/\/adnanbostan.com\/en\/wp-json\/wp\/v2\/product_brand?post=3889"},{"taxonomy":"product_cat","embeddable":true,"href":"https:\/\/adnanbostan.com\/en\/wp-json\/wp\/v2\/product_cat?post=3889"},{"taxonomy":"product_tag","embeddable":true,"href":"https:\/\/adnanbostan.com\/en\/wp-json\/wp\/v2\/product_tag?post=3889"}],"curies":[{"name":"wp","href":"https:\/\/api.w.org\/{rel}","templated":true}]}}